{"id":35,"date":"2016-04-05T15:26:41","date_gmt":"2016-04-05T15:26:41","guid":{"rendered":"http:\/\/www.calamparo.com\/?page_id=35"},"modified":"2020-02-04T13:23:05","modified_gmt":"2020-02-04T12:23:05","slug":"precios","status":"publish","type":"page","link":"https:\/\/www.lamparocasarural.com\/?page_id=35","title":{"rendered":"Precios"},"content":{"rendered":"<ul>\n<li class=\"m_-4397377607192248425gmail-MsoListParagraphCxSpFirst\">El precio de la casa \u00edntegra por noche ( con una estancia m\u00ednima de 2 noche), es de 230 euros.<\/li>\n<li class=\"m_-4397377607192248425gmail-MsoListParagraphCxSpMiddle\">En Puentes, festividades Auton\u00f3micas y Nacionales el precio es de 200\u20ac la noche con una estancia m\u00ednima de 3 noches.<\/li>\n<li class=\"m_-4397377607192248425gmail-MsoListParagraphCxSpMiddle\">En Semana Santa cuyo el precio asciende a 300\u20ac por noche y la estancia m\u00ednima es de 4 noches, o 3 pero siempre al mismo precio de 4.<\/li>\n<li class=\"m_-4397377607192248425gmail-MsoListParagraphCxSpMiddle\">En Nochevieja, el precio es de 400\u20ac la noche con estancia m\u00ednima de 4 noches.<\/li>\n<li class=\"m_-4397377607192248425gmail-MsoListParagraphCxSpMiddle\">En Nochebuena el precio es de 200\u20ac la noche, con estancia m\u00ednima de 3 noches.<\/li>\n<li class=\"m_-4397377607192248425gmail-MsoListParagraphCxSpMiddle\">Aceptamos mascotas. Consultar precios y condiciones.<\/li>\n<\/ul>\n<p>Si est\u00e1s interesado en reservar en nuestra casa rural, puedes contactarnos por email\u00a0<a href=\"mailto:calamparoteruel2018@gmail.com\">calamparoteruel2018@gmail.com<\/a> o llam\u00e1ndonos por tel\u00e9fono al\u00a0 676585742.<\/p>\n<p>Si prefieres que nos pongamos en contacto contigo, puedes rellenar este formulario:<\/p>\n<noscript class=\"ninja-forms-noscript-message\">\n    Aviso: Se requiere JavaScript para este contenido.<\/noscript><div id=\"nf-form-1-cont\" class=\"nf-form-cont\" aria-live=\"polite\" aria-labelledby=\"nf-form-title-1\" aria-describedby=\"nf-form-errors-1\" role=\"form\">\n\n    <div class=\"nf-loading-spinner\"><\/div>\n\n<\/div>\n        <!-- TODO: Move to Template File. -->\n        <script>var formDisplay=1;var nfForms=nfForms||[];var form=[];form.id='1';form.settings={\"objectType\":\"Form Setting\",\"editActive\":false,\"date_updated\":\"2018-10-30 09:26:31\",\"show_title\":\"0\",\"save_subs\":\"1\",\"logged_in\":\"0\",\"append_page\":\"\",\"ajax\":\"0\",\"clear_complete\":\"1\",\"hide_complete\":\"1\",\"success_msg\":\"Your form has been successfully submitted.\",\"email_from\":\"\",\"email_type\":\"html\",\"user_email_msg\":\"Thank you so much for contacting us. We will get back to you shortly.\",\"user_email_fields\":\"0\",\"admin_email_msg\":\"\",\"admin_email_fields\":\"1\",\"admin_attach_csv\":\"0\",\"email_from_name\":\"\",\"not_logged_in_msg\":\"\",\"sub_limit_number\":\"\",\"sub_limit_msg\":\"\",\"status\":\"\",\"last_sub\":\"21\",\"title\":\"Contacto\",\"allow_public_link\":0,\"embed_form\":\"\",\"default_label_pos\":\"above\",\"wrapper_class\":\"\",\"element_class\":\"\",\"key\":\"\",\"add_submit\":1,\"currency\":\"\",\"unique_field_error\":\"Ya se ha enviado un formulario con este valor.\",\"calculations\":[],\"formContentData\":[\"textbox_1\",\"email_2\",\"date_5\",\"date_6\",\"number_9\",\"textarea_3\",\"submit_4\"],\"ninjaForms\":\"Ninja Forms\",\"changeEmailErrorMsg\":\"Introduce una direcci\\u00f3n de correo electr\\u00f3nico v\\u00e1lida.\",\"changeDateErrorMsg\":\"\\u00a1Introduce una fecha v\\u00e1lida!\",\"confirmFieldErrorMsg\":\"Estos campos deben coincidir.\",\"fieldNumberNumMinError\":\"Error de n\\u00famero m\\u00ednimo\",\"fieldNumberNumMaxError\":\"Error de n\\u00famero m\\u00e1ximo\",\"fieldNumberIncrementBy\":\"Increm\\u00e9ntalo por \",\"fieldTextareaRTEInsertLink\":\"Insertar enlace\",\"fieldTextareaRTEInsertMedia\":\"Insertar medios\",\"fieldTextareaRTESelectAFile\":\"Seleccione un archivo\",\"formErrorsCorrectErrors\":\"Corrige los errores antes de enviar este formulario.\",\"formHoneypot\":\"Si eres un ser humano y est\\u00e1s viendo este campo, por favor d\\u00e9jalo vac\\u00edo.\",\"validateRequiredField\":\"Esto es un campo obligatorio.\",\"honeypotHoneypotError\":\"Error de Honeypot\",\"fileUploadOldCodeFileUploadInProgress\":\"Carga de archivo en curso.\",\"fileUploadOldCodeFileUpload\":\"CARGA DE ARCHIVO\",\"currencySymbol\":\"\\u20ac\",\"fieldsMarkedRequired\":\"Los campos marcados con <span class=\\\"ninja-forms-req-symbol\\\">*<\\\/span> son obligatorios\",\"thousands_sep\":\".\",\"decimal_point\":\",\",\"siteLocale\":\"es_ES\",\"dateFormat\":\"d\\\/m\\\/Y\",\"startOfWeek\":\"1\",\"of\":\"de\",\"previousMonth\":\"Mes anterior\",\"nextMonth\":\"Pr\\u00f3ximo mes\",\"months\":[\"Enero\",\"Febrero\",\"Marzo\",\"Abril\",\"Mayo\",\"Junio\",\"Julio\",\"Agosto\",\"Septiembre\",\"Octubre\",\"Noviembre\",\"Diciembre\"],\"monthsShort\":[\"Ene\",\"Feb\",\"Mar\",\"Abr\",\"Mayo\",\"Jun\",\"Jul\",\"Ago\",\"Sep\",\"Oct\",\"Nov\",\"Dic\"],\"weekdays\":[\"Domingo\",\"Lunes\",\"Martes\",\"Mi\\u00e9rcoles\",\"Jueves\",\"Viernes\",\"S\\u00e1bado\"],\"weekdaysShort\":[\"Dom\",\"Lun\",\"Mar\",\"Mi\\u00e9\",\"Jue\",\"Vie\",\"S\\u00e1b\"],\"weekdaysMin\":[\"Do\",\"Lu\",\"Ma\",\"Mi\",\"Ju\",\"Vi\",\"S\\u00e1\"],\"currency_symbol\":\"\",\"beforeForm\":\"\",\"beforeFields\":\"\",\"afterFields\":\"\",\"afterForm\":\"\"};form.fields=[{\"objectType\":\"Field\",\"objectDomain\":\"fields\",\"editActive\":false,\"order\":0,\"type\":\"textbox\",\"fav_id\":0,\"def_id\":0,\"label\":\"Nombre y apellidos\",\"label_pos\":\"above\",\"mask\":\"\",\"datepicker\":0,\"first_name\":\"\",\"last_name\":\"\",\"from_name\":0,\"user_address_1\":\"\",\"user_address_2\":\"\",\"user_city\":\"\",\"user_zip\":\"\",\"user_phone\":\"\",\"user_email\":\"\",\"user_info_field_group\":\"\",\"show_help\":0,\"help_text\":\"\",\"show_desc\":0,\"desc_pos\":\"none\",\"desc_text\":\"\",\"calc_auto_include\":0,\"placeholder\":\"\",\"disable_input\":0,\"input_limit\":\"\",\"input_limit_type\":\"char\",\"input_limit_msg\":\"\",\"user_state\":0,\"autocomplete_off\":0,\"num_sort\":0,\"admin_label\":\"\",\"user_info_field_group_name\":\"\",\"user_info_field_group_custom\":\"\",\"element_class\":\"\",\"required\":1,\"key\":\"textbox_1\",\"default\":\"\",\"container_class\":\"\",\"manual_key\":false,\"custom_mask\":\"\",\"custom_name_attribute\":\"\",\"personally_identifiable\":\"\",\"value\":\"\",\"id\":1,\"beforeField\":\"\",\"afterField\":\"\",\"parentType\":\"textbox\",\"element_templates\":[\"textbox\",\"input\"],\"old_classname\":\"\",\"wrap_template\":\"wrap\"},{\"objectType\":\"Field\",\"objectDomain\":\"fields\",\"editActive\":false,\"order\":1,\"type\":\"email\",\"fav_id\":0,\"def_id\":14,\"label\":\"Email\",\"label_pos\":\"above\",\"mask\":\"\",\"datepicker\":0,\"first_name\":0,\"last_name\":0,\"from_name\":0,\"user_address_1\":0,\"user_address_2\":0,\"user_city\":0,\"user_zip\":0,\"user_phone\":0,\"user_info_field_group\":1,\"show_help\":0,\"help_text\":\"\",\"calc_auto_include\":0,\"calc_option\":0,\"conditional\":\"\",\"user_info_field_group_name\":\"\",\"user_info_field_group_custom\":\"\",\"show_desc\":0,\"desc_pos\":\"none\",\"desc_text\":\"\",\"placeholder\":\"\",\"disable_input\":0,\"input_limit\":\"\",\"input_limit_type\":\"char\",\"input_limit_msg\":\"\",\"user_state\":0,\"autocomplete_off\":0,\"num_sort\":0,\"admin_label\":\"\",\"element_class\":\"\",\"required\":1,\"key\":\"email_2\",\"default\":\"\",\"container_class\":\"\",\"custom_name_attribute\":\"email\",\"personally_identifiable\":1,\"value\":\"\",\"id\":2,\"beforeField\":\"\",\"afterField\":\"\",\"parentType\":\"email\",\"element_templates\":[\"email\",\"input\"],\"old_classname\":\"\",\"wrap_template\":\"wrap\"},{\"objectType\":\"Field\",\"objectDomain\":\"fields\",\"editActive\":false,\"order\":2,\"type\":\"date\",\"label\":\"Fecha de llegada\",\"input_limit_msg\":\"character(s) left\",\"label_pos\":\"above\",\"placeholder\":\"\",\"first_name\":\"\",\"last_name\":\"\",\"user_address_1\":\"\",\"user_address_2\":\"\",\"user_city\":\"\",\"user_zip\":\"\",\"user_phone\":\"\",\"user_email\":\"\",\"user_info_field_group\":1,\"disable_input\":0,\"mask\":\"\",\"input_limit\":\"\",\"input_limit_type\":\"char\",\"calc_auto_include\":0,\"user_state\":0,\"autocomplete_off\":0,\"num_sort\":0,\"admin_label\":\"\",\"user_info_field_group_name\":\"\",\"user_info_field_group_custom\":\"\",\"show_help\":0,\"help_text\":\"\",\"show_desc\":0,\"desc_pos\":\"none\",\"desc_text\":\"\",\"element_class\":\"\",\"required\":0,\"default\":\"{other:date}\",\"key\":\"date_5\",\"container_class\":\"\",\"manual_key\":false,\"date_default\":1,\"date_format\":\"default\",\"year_range_start\":\"\",\"year_range_end\":\"\",\"value\":\"21\\\/04\\\/2026\",\"drawerDisabled\":false,\"id\":5,\"beforeField\":\"\",\"afterField\":\"\",\"parentType\":\"date\",\"element_templates\":[\"date\",\"textbox\",\"input\"],\"old_classname\":\"\",\"wrap_template\":\"wrap\"},{\"objectType\":\"Field\",\"objectDomain\":\"fields\",\"editActive\":false,\"order\":3,\"type\":\"date\",\"label\":\"Fecha de salida\",\"input_limit_msg\":\"character(s) left\",\"label_pos\":\"above\",\"placeholder\":\"\",\"first_name\":\"\",\"last_name\":\"\",\"user_address_1\":\"\",\"user_address_2\":\"\",\"user_city\":\"\",\"user_zip\":\"\",\"user_phone\":\"\",\"user_email\":\"\",\"user_info_field_group\":1,\"disable_input\":0,\"mask\":\"\",\"input_limit\":\"\",\"input_limit_type\":\"char\",\"calc_auto_include\":0,\"user_state\":0,\"autocomplete_off\":0,\"num_sort\":0,\"admin_label\":\"\",\"user_info_field_group_name\":\"\",\"user_info_field_group_custom\":\"\",\"show_help\":0,\"help_text\":\"\",\"show_desc\":0,\"desc_pos\":\"none\",\"desc_text\":\"\",\"element_class\":\"\",\"required\":0,\"key\":\"date_6\",\"container_class\":\"\",\"manual_key\":false,\"date_format\":\"default\",\"year_range_start\":\"\",\"year_range_end\":\"\",\"id\":6,\"beforeField\":\"\",\"afterField\":\"\",\"value\":\"\",\"parentType\":\"date\",\"element_templates\":[\"date\",\"textbox\",\"input\"],\"old_classname\":\"\",\"wrap_template\":\"wrap\"},{\"objectType\":\"Field\",\"objectDomain\":\"fields\",\"editActive\":false,\"order\":4,\"type\":\"number\",\"label\":\"Plazas\",\"input_limit_msg\":\"tipos restantes\",\"label_pos\":\"above\",\"default_value\":\"\",\"number_min\":2,\"number_max\":14,\"number_step\":1,\"calc_auto_include\":0,\"num_sort\":0,\"admin_label\":\"\",\"show_help\":0,\"help_text\":\"\",\"show_desc\":0,\"desc_pos\":\"none\",\"desc_text\":\"\",\"element_class\":\"\",\"required\":0,\"default\":\"\",\"num_min\":2,\"num_max\":14,\"num_step\":1,\"key\":\"number_9\",\"placeholder\":\"\",\"container_class\":\"\",\"manual_key\":false,\"value\":\"\",\"id\":9,\"beforeField\":\"\",\"afterField\":\"\",\"parentType\":\"number\",\"element_templates\":[\"number\",\"input\"],\"old_classname\":\"\",\"wrap_template\":\"wrap\"},{\"objectType\":\"Field\",\"objectDomain\":\"fields\",\"editActive\":false,\"order\":5,\"type\":\"textarea\",\"fav_id\":0,\"def_id\":0,\"label\":\"Comentarios\",\"label_pos\":\"above\",\"default_value\":\"\",\"textarea_rte\":0,\"textarea_media\":0,\"disable_rte_mobile\":0,\"show_help\":0,\"help_text\":\"\",\"show_desc\":0,\"desc_pos\":\"none\",\"desc_text\":\"\",\"calc_auto_include\":0,\"input_limit\":\"\",\"input_limit_type\":\"char\",\"input_limit_msg\":\"\",\"num_sort\":0,\"admin_label\":\"\",\"element_class\":\"\",\"required\":1,\"default\":\"\",\"key\":\"textarea_3\",\"placeholder\":\"\",\"container_class\":\"\",\"manual_key\":false,\"value\":\"\",\"id\":3,\"beforeField\":\"\",\"afterField\":\"\",\"parentType\":\"textarea\",\"element_templates\":[\"textarea\",\"input\"],\"old_classname\":\"\",\"wrap_template\":\"wrap\"},{\"objectType\":\"Field\",\"objectDomain\":\"fields\",\"editActive\":false,\"order\":6,\"type\":\"submit\",\"fav_id\":0,\"def_id\":0,\"label\":\"Enviar\",\"show_help\":0,\"help_text\":\"\",\"show_desc\":0,\"desc_pos\":\"none\",\"desc_text\":\"\",\"processing_label\":\"Processing\",\"element_class\":\"\",\"key\":\"submit_4\",\"container_class\":\"\",\"id\":4,\"beforeField\":\"\",\"afterField\":\"\",\"value\":\"\",\"label_pos\":\"above\",\"parentType\":\"textbox\",\"element_templates\":[\"submit\",\"button\",\"input\"],\"old_classname\":\"\",\"wrap_template\":\"wrap-no-label\"}];nfForms.push(form);<\/script>\n        \n<blockquote><p>Los precios son orientativos y pueden variar hasta el momento de efectuar la reserva.<\/p>\n<p class=\"m_-4397377607192248425gmail-MsoListParagraphCxSpLast\">Las condiciones de reserva , de cancelaci\u00f3n y el sistema de pago, depender\u00e1n de las fechas reservadas y se tienen que consultar en el momento de hacer la petici\u00f3n de la reserva.<\/p>\n<\/blockquote>\n","protected":false},"excerpt":{"rendered":"<p>El precio de la casa \u00edntegra por noche ( con una estancia m\u00ednima de 2 noche), es de 230 euros. En Puentes, festividades Auton\u00f3micas y Nacionales el precio es de [&hellip;]<\/p>\n","protected":false},"author":1,"featured_media":43,"parent":0,"menu_order":0,"comment_status":"closed","ping_status":"closed","template":"page-fullwidth.php","meta":[],"_links":{"self":[{"href":"https:\/\/www.lamparocasarural.com\/index.php?rest_route=\/wp\/v2\/pages\/35"}],"collection":[{"href":"https:\/\/www.lamparocasarural.com\/index.php?rest_route=\/wp\/v2\/pages"}],"about":[{"href":"https:\/\/www.lamparocasarural.com\/index.php?rest_route=\/wp\/v2\/types\/page"}],"author":[{"embeddable":true,"href":"https:\/\/www.lamparocasarural.com\/index.php?rest_route=\/wp\/v2\/users\/1"}],"replies":[{"embeddable":true,"href":"https:\/\/www.lamparocasarural.com\/index.php?rest_route=%2Fwp%2Fv2%2Fcomments&post=35"}],"version-history":[{"count":17,"href":"https:\/\/www.lamparocasarural.com\/index.php?rest_route=\/wp\/v2\/pages\/35\/revisions"}],"predecessor-version":[{"id":17674,"href":"https:\/\/www.lamparocasarural.com\/index.php?rest_route=\/wp\/v2\/pages\/35\/revisions\/17674"}],"wp:featuredmedia":[{"embeddable":true,"href":"https:\/\/www.lamparocasarural.com\/index.php?rest_route=\/wp\/v2\/media\/43"}],"wp:attachment":[{"href":"https:\/\/www.lamparocasarural.com\/index.php?rest_route=%2Fwp%2Fv2%2Fmedia&parent=35"}],"curies":[{"name":"wp","href":"https:\/\/api.w.org\/{rel}","templated":true}]}}