{"id":6735,"date":"2018-10-30T10:09:43","date_gmt":"2018-10-30T09:09:43","guid":{"rendered":"http:\/\/www.lamparocasarural.com\/?page_id=6735"},"modified":"2018-10-30T10:14:21","modified_gmt":"2018-10-30T09:14:21","slug":"entorno-y-actividades","status":"publish","type":"page","link":"https:\/\/www.lamparocasarural.com\/?page_id=6735","title":{"rendered":"Entorno y Actividades"},"content":{"rendered":"<p>La casa rural se encuentra en un entorno tranquilo y rodeado de Naturaleza.<\/p>\n<ul>\n<li>Existe la posibilidad de hacer rutas de senderismo hasta el Monte Sabinar o las cumbres del Campillo.<\/li>\n<li>Tambi\u00e9n se puede visitar el Embalse de Lechago, para la pr\u00e1ctica de Pesca, Padel Surf y Kayak.<\/li>\n<li>Para aquellos que quieran hacer rutas m\u00e1s largas, existe la posibilidad de llegar hasta la desembocadura del r\u00edo Pancrudo sobre el r\u00edo Jiloca en el Puente Romano y ermita La Virgen del Rosario.<\/li>\n<li>Los Paisajes naturales como las Riberas del R\u00edo Pancrudo, las C\u00e1rcavas o El Pago ( paraje designado Lugar de inter\u00e9s geol\u00f3gico de Arag\u00f3n), no os dejar\u00e1n indiferente.<\/li>\n<li>Los principales lugares de inter\u00e9s tur\u00edsticos se sit\u00faan:<br \/>\n&#8211; Villa de Calamocha a 4 km<br \/>\n&#8211; Reserva Natural de la Laguna de Gallocanta ( reserva de aves) a 20 km<br \/>\n&#8211; Ruta del vino Campo de Cari\u00f1ena con posibilidad de visitar bodegas, hacer degustaciones a 40 km<br \/>\n&#8211; Museo Minero de Escucha a 48 km<br \/>\n&#8211; La ciudad de Teruel dista a 70 km<br \/>\n&#8211; Y si viajas con ni\u00f1os, una experiencia \u00fanica es visitar el Din\u00f3polis, parque cultural, cient\u00edfico y de ocio, dedicado a la paleontolog\u00eda y al mundo de los dinosaurios ubicado a 80 km.<\/li>\n<\/ul>\n","protected":false},"excerpt":{"rendered":"<p>La casa rural se encuentra en un entorno tranquilo y rodeado de Naturaleza. Existe la posibilidad de hacer rutas de senderismo hasta el Monte Sabinar o las cumbres del Campillo. [&hellip;]<\/p>\n","protected":false},"author":1,"featured_media":0,"parent":0,"menu_order":0,"comment_status":"closed","ping_status":"closed","template":"page-fullwidth.php","meta":[],"_links":{"self":[{"href":"https:\/\/www.lamparocasarural.com\/index.php?rest_route=\/wp\/v2\/pages\/6735"}],"collection":[{"href":"https:\/\/www.lamparocasarural.com\/index.php?rest_route=\/wp\/v2\/pages"}],"about":[{"href":"https:\/\/www.lamparocasarural.com\/index.php?rest_route=\/wp\/v2\/types\/page"}],"author":[{"embeddable":true,"href":"https:\/\/www.lamparocasarural.com\/index.php?rest_route=\/wp\/v2\/users\/1"}],"replies":[{"embeddable":true,"href":"https:\/\/www.lamparocasarural.com\/index.php?rest_route=%2Fwp%2Fv2%2Fcomments&post=6735"}],"version-history":[{"count":1,"href":"https:\/\/www.lamparocasarural.com\/index.php?rest_route=\/wp\/v2\/pages\/6735\/revisions"}],"predecessor-version":[{"id":6736,"href":"https:\/\/www.lamparocasarural.com\/index.php?rest_route=\/wp\/v2\/pages\/6735\/revisions\/6736"}],"wp:attachment":[{"href":"https:\/\/www.lamparocasarural.com\/index.php?rest_route=%2Fwp%2Fv2%2Fmedia&parent=6735"}],"curies":[{"name":"wp","href":"https:\/\/api.w.org\/{rel}","templated":true}]}}